{"id":1993,"date":"2020-02-18T13:40:23","date_gmt":"2020-02-18T12:40:23","guid":{"rendered":"https:\/\/horizon2030.ch\/soutien\/"},"modified":"2022-09-28T11:12:10","modified_gmt":"2022-09-28T09:12:10","slug":"support","status":"publish","type":"page","link":"https:\/\/horizon2030.ch\/de\/support\/","title":{"rendered":"Support"},"content":{"rendered":"<p>[et_pb_section fb_built=&#8220;1&#8243; admin_label=&#8220;Hero Section&#8220; _builder_version=&#8220;4.17.4&#8243; use_background_color_gradient=&#8220;on&#8220; background_color_gradient_direction=&#8220;130deg&#8220; background_color_gradient_stops=&#8220;#8f96cb 0%|rgba(90,94,126,0.6) 50%|rgba(143,150,203,0) 80%&#8220; background_color_gradient_overlays_image=&#8220;on&#8220; background_color_gradient_start=&#8220;rgba(164,201,0,0.6)&#8220; background_color_gradient_end=&#8220;rgba(164,201,0,0)&#8220; background_image=&#8220;https:\/\/horizon2030.ch\/wp-content\/uploads\/2022\/07\/emscharmey2-scaled.jpg&#8220; custom_padding=&#8220;4%||4%||true|&#8220; bottom_divider_style=&#8220;ramp&#8220; bottom_divider_color=&#8220;#FFFFFF&#8220; bottom_divider_height=&#8220;120px&#8220; bottom_divider_flip=&#8220;horizontal&#8220; locked=&#8220;off&#8220; global_colors_info=&#8220;{%22gcid-c7ad3012-463b-4cac-812b-d0684a70107c%22:%91%22bottom_divider_color%22,%22bottom_divider_color%22%93}&#8220;][et_pb_row column_structure=&#8220;3_4,1_4&#8243; admin_label=&#8220;Hero Area&#8220; _builder_version=&#8220;4.16&#8243; global_colors_info=&#8220;{}&#8220;][et_pb_column type=&#8220;3_4&#8243; _builder_version=&#8220;4.16&#8243; custom_padding=&#8220;|||&#8220; global_colors_info=&#8220;{}&#8220; custom_padding__hover=&#8220;|||&#8220;][et_pb_image src=&#8220;https:\/\/horizon2030.ch\/wp-content\/uploads\/2022\/08\/horizon2030_logo_blanc.svg&#8220; title_text=&#8220;horizon2030_logo_blanc&#8220; _builder_version=&#8220;4.17.4&#8243; _module_preset=&#8220;default&#8220; width=&#8220;40%&#8220; width_tablet=&#8220;60%&#8220; width_phone=&#8220;70%&#8220; width_last_edited=&#8220;on|phone&#8220; global_colors_info=&#8220;{}&#8220;][\/et_pb_image][et_pb_text disabled_on=&#8220;off|off|off&#8220; admin_label=&#8220;Title&#8220; _builder_version=&#8220;4.17.4&#8243; text_font=&#8220;||||||||&#8220; header_font=&#8220;Gilroy Bold|700|||||||&#8220; header_font_size=&#8220;70px&#8220; background_layout=&#8220;dark&#8220; animation_style=&#8220;fade&#8220; header_font_size_tablet=&#8220;&#8220; header_font_size_phone=&#8220;40px&#8220; header_font_size_last_edited=&#8220;on|phone&#8220; global_colors_info=&#8220;{}&#8220;]<\/p>\n<h1>Support<\/h1>\n<p>[\/et_pb_text][et_pb_button button_url=&#8220;#a-propos&#8220; button_text=&#8220;Mehr lesen&#8220; button_alignment=&#8220;left&#8220; _builder_version=&#8220;4.17.4&#8243; custom_button=&#8220;on&#8220; button_text_size=&#8220;16px&#8220; button_text_color=&#8220;#FFFFFF&#8220; button_bg_color=&#8220;gcid-58a9af87-1793-4295-b4f9-9cdbf0069b28&#8243; button_border_width=&#8220;8px&#8220; button_border_color=&#8220;gcid-58a9af87-1793-4295-b4f9-9cdbf0069b28&#8243; button_border_radius=&#8220;50px&#8220; button_letter_spacing=&#8220;0px&#8220; button_font=&#8220;Gilroy Medium|800|||||||&#8220; button_icon=&#8220;&#x24;||divi||400&#8243; button_icon_color=&#8220;#a4c900&#8243; custom_margin=&#8220;40px|||&#8220; animation_style=&#8220;fade&#8220; global_colors_info=&#8220;{%22gcid-58a9af87-1793-4295-b4f9-9cdbf0069b28%22:%91%22button_bg_color%22,%22button_border_color%22,%22button_text_color__hover%22%93}&#8220; button_text_size__hover_enabled=&#8220;off&#8220; button_one_text_size__hover_enabled=&#8220;off&#8220; button_two_text_size__hover_enabled=&#8220;off&#8220; button_text_color__hover_enabled=&#8220;on|desktop&#8220; button_one_text_color__hover_enabled=&#8220;off&#8220; button_two_text_color__hover_enabled=&#8220;off&#8220; button_border_width__hover_enabled=&#8220;off&#8220; button_one_border_width__hover_enabled=&#8220;off&#8220; button_two_border_width__hover_enabled=&#8220;off&#8220; button_border_color__hover_enabled=&#8220;on|hover&#8220; button_one_border_color__hover_enabled=&#8220;off&#8220; button_two_border_color__hover_enabled=&#8220;off&#8220; button_border_radius__hover_enabled=&#8220;off&#8220; button_one_border_radius__hover_enabled=&#8220;off&#8220; button_two_border_radius__hover_enabled=&#8220;off&#8220; button_letter_spacing__hover_enabled=&#8220;off&#8220; button_one_letter_spacing__hover_enabled=&#8220;off&#8220; button_two_letter_spacing__hover_enabled=&#8220;off&#8220; button_bg_color__hover_enabled=&#8220;on|desktop&#8220; button_one_bg_color__hover_enabled=&#8220;off&#8220; button_two_bg_color__hover_enabled=&#8220;off&#8220; button_bg_color__hover=&#8220;#ffffff&#8220; button_border_color__hover=&#8220;#ffffff&#8220; button_bg_enable_color__hover=&#8220;on&#8220; button_text_color__hover=&#8220;#94bd55&#8243;][\/et_pb_button][\/et_pb_column][et_pb_column type=&#8220;1_4&#8243; _builder_version=&#8220;4.16&#8243; custom_padding=&#8220;|||&#8220; global_colors_info=&#8220;{}&#8220; custom_padding__hover=&#8220;|||&#8220;][\/et_pb_column][\/et_pb_row][\/et_pb_section][et_pb_section fb_built=&#8220;1&#8243; module_id=&#8220;a-propos&#8220; _builder_version=&#8220;4.17.4&#8243; _module_preset=&#8220;default&#8220; custom_padding=&#8220;||150px|||&#8220; bottom_divider_style=&#8220;ramp&#8220; bottom_divider_color=&#8220;gcid-c7ad3012-463b-4cac-812b-d0684a70107c&#8220; bottom_divider_height=&#8220;120px&#8220; bottom_divider_flip=&#8220;horizontal&#8220; global_colors_info=&#8220;{%22gcid-c7ad3012-463b-4cac-812b-d0684a70107c%22:%91%22bottom_divider_color%22%93}&#8220;][et_pb_row column_structure=&#8220;2_3,1_3&#8243; _builder_version=&#8220;4.17.4&#8243; _module_preset=&#8220;default&#8220; global_colors_info=&#8220;{}&#8220;][et_pb_column type=&#8220;2_3&#8243; _builder_version=&#8220;4.17.4&#8243; _module_preset=&#8220;default&#8220; global_colors_info=&#8220;{}&#8220;][et_pb_text _builder_version=&#8220;4.17.4&#8243; _module_preset=&#8220;default&#8220; text_text_color=&#8220;gcid-c7ad3012-463b-4cac-812b-d0684a70107c&#8220; header_font=&#8220;|700|||||||&#8220; header_text_color=&#8220;#edeef8&#8243; header_2_text_color=&#8220;gcid-c7ad3012-463b-4cac-812b-d0684a70107c&#8220; header_2_font_size=&#8220;40px&#8220; header_3_text_color=&#8220;gcid-1dbed5ee-fd0d-41b5-ab92-37828a39a8c9&#8243; header_3_font_size=&#8220;30px&#8220; custom_margin=&#8220;||20px||false|false&#8220; header_2_font_size_tablet=&#8220;40px&#8220; header_2_font_size_phone=&#8220;40px&#8220; header_2_font_size_last_edited=&#8220;on|desktop&#8220; locked=&#8220;off&#8220; global_colors_info=&#8220;{%22gcid-c7ad3012-463b-4cac-812b-d0684a70107c%22:%91%22header_2_text_color%22,%22text_text_color%22%93,%22gcid-1dbed5ee-fd0d-41b5-ab92-37828a39a8c9%22:%91%22header_3_text_color%22%93}&#8220;]<\/p>\n<h2>Entscheiden wir <span style=\"color: #94bd55;\">heute<\/span>\u00a0wie wir auf die Alterung der Bev\u00f6lkerung reagieren<\/h2>\n<h3>Es ist mir ein Anliegen, auf die Bedeutung der Volksabstimmungen vom 25. September hinzuweisen: Es geht darum, die demografische Entwicklung zu ber\u00fccksichtigen, die unsere Region in den n\u00e4chsten Jahren und Jahrzehnten erleben wird. Gem\u00e4ss den Prognosen des Schweizerischen Gesundheitsobservatoriums (Obsan) soll sich die Bev\u00f6lkerungsschicht der Greyerzerinnen und Greyerzer im Alter von 80 Jahren und mehr zwischen 2020 und 2045 fast verdreifachen.<\/h3>\n<p>[\/et_pb_text][et_pb_text _builder_version=&#8220;4.17.4&#8243; _module_preset=&#8220;default&#8220; text_text_color=&#8220;gcid-c7ad3012-463b-4cac-812b-d0684a70107c&#8220; header_font=&#8220;|700|||||||&#8220; header_text_color=&#8220;#edeef8&#8243; header_2_text_color=&#8220;gcid-c7ad3012-463b-4cac-812b-d0684a70107c&#8220; header_2_font_size=&#8220;40px&#8220; header_3_text_color=&#8220;gcid-1dbed5ee-fd0d-41b5-ab92-37828a39a8c9&#8243; header_3_font_size=&#8220;30px&#8220; custom_margin=&#8220;||20px||false|false&#8220; header_2_font_size_tablet=&#8220;40px&#8220; header_2_font_size_phone=&#8220;40px&#8220; header_2_font_size_last_edited=&#8220;on|desktop&#8220; locked=&#8220;off&#8220; global_colors_info=&#8220;{%22gcid-c7ad3012-463b-4cac-812b-d0684a70107c%22:%91%22header_2_text_color%22,%22text_text_color%22%93,%22gcid-1dbed5ee-fd0d-41b5-ab92-37828a39a8c9%22:%91%22header_3_text_color%22%93}&#8220;]<\/p>\n<p>Um die Auswirkungen der Alterung der Bev\u00f6lkerung auf das noch zu schaffende Angebot zu begrenzen, m\u00f6chten das Netzwerk des Greyerzbezirks f\u00fcr Gesundheit und Soziales und die Greyerzer Gemeinden das traditionelle Angebot der Alters- und Pflegeheime mit verschiedenen Dienstleistungen zur Unterst\u00fctzung der Autonomie unserer Seniorinnen und Senioren verkn\u00fcpfen: bed\u00fcrfnisgerechte bzw. betreute Wohneinheiten in der N\u00e4he der Pflegeheime, Angebote f\u00fcr Kurzaufenthalte oder Tagesbetreuung, Mahlzeitenservice, Spitex-Standorte in jedem Pflegeheim, W\u00e4scheservice, Informationen f\u00fcr Seniorinnen und Senioren in der Region, F\u00f6rderung der Freiwilligenarbeit, f\u00fcr alle Seniorinnen und Senioren der Umgebung offene Veranstaltungen&#8230;<\/p>\n<p>Durch die \u00d6ffnung der Pflegeheime f\u00fcr das gesellschaftliche Leben wollen wir die Begegnung und den Austausch zwischen den Generationen f\u00f6rdern. Mit anderen Worten: Diese Bauten sind nicht nur f\u00fcr die Bewohnerinnen und Bewohner da, sondern f\u00fcr alle Seniorinnen und Senioren! In den 1980er Jahren haben die Gemeinden des Greyerzbezirks den Mut gehabt, stark f\u00fcr die \u00e4lteren Menschen zu investieren. Das k\u00f6nnen wir auch!<\/p>\n<p><strong>Vincent Bosson, Oberamtmann<\/strong><br \/>Pr\u00e4sident des Netzwerks des Greyerzbezirks f\u00fcr Gesundheit und Soziales<\/p>\n<p>[\/et_pb_text][\/et_pb_column][et_pb_column type=&#8220;1_3&#8243; _builder_version=&#8220;4.17.4&#8243; _module_preset=&#8220;default&#8220; global_colors_info=&#8220;{}&#8220;][et_pb_image src=&#8220;https:\/\/horizon2030.ch\/wp-content\/uploads\/2022\/07\/BOSSON_Vincent_2021_126-5r_carre.jpg&#8220; title_text=&#8220;BOSSON_Vincent_2021_126-5r_carre&#8220; _builder_version=&#8220;4.17.4&#8243; _module_preset=&#8220;default&#8220; border_radii=&#8220;off|50%|||50%&#8220; global_colors_info=&#8220;{}&#8220;][\/et_pb_image][et_pb_image src=&#8220;https:\/\/horizon2030.ch\/wp-content\/uploads\/2022\/08\/BANDEAUX_D_JA_DE.png&#8220; title_text=&#8220;BANDEAUX_D_JA_DE&#8220; _builder_version=&#8220;4.17.4&#8243; _module_preset=&#8220;default&#8220; positioning=&#8220;absolute&#8220; position_origin_a=&#8220;bottom_right&#8220; width=&#8220;40%&#8220; width_tablet=&#8220;60%&#8220; width_phone=&#8220;70%&#8220; width_last_edited=&#8220;on|phone&#8220; global_colors_info=&#8220;{}&#8220;][\/et_pb_image][\/et_pb_column][\/et_pb_row][\/et_pb_section][et_pb_section fb_built=&#8220;1&#8243; admin_label=&#8220;Footer Section&#8220; _builder_version=&#8220;4.17.4&#8243; background_color=&#8220;gcid-c7ad3012-463b-4cac-812b-d0684a70107c&#8220; custom_padding=&#8220;90px||90px|&#8220; global_module=&#8220;1772&#8243; locked=&#8220;off&#8220; global_colors_info=&#8220;{%22gcid-c7ad3012-463b-4cac-812b-d0684a70107c%22:%91%22background_color%22%93}&#8220;][et_pb_row admin_label=&#8220;Footer Area&#8220; _builder_version=&#8220;4.17.4&#8243; global_colors_info=&#8220;{}&#8220;][et_pb_column type=&#8220;4_4&#8243; _builder_version=&#8220;4.16&#8243; custom_padding=&#8220;|||&#8220; global_colors_info=&#8220;{}&#8220; custom_padding__hover=&#8220;|||&#8220;][et_pb_text _builder_version=&#8220;4.17.4&#8243; _module_preset=&#8220;default&#8220; text_text_color=&#8220;gcid-98ae6682-2af5-49d7-bf7e-ab0f252368f2&#8243; header_font=&#8220;|700|||||||&#8220; header_text_color=&#8220;#edeef8&#8243; header_2_text_color=&#8220;gcid-1dbed5ee-fd0d-41b5-ab92-37828a39a8c9&#8243; header_2_font_size=&#8220;40px&#8220; header_3_font_size=&#8220;30px&#8220; custom_margin=&#8220;||20px||false|false&#8220; header_2_font_size_tablet=&#8220;40px&#8220; header_2_font_size_phone=&#8220;40px&#8220; header_2_font_size_last_edited=&#8220;on|desktop&#8220; locked=&#8220;off&#8220; global_colors_info=&#8220;{%22gcid-98ae6682-2af5-49d7-bf7e-ab0f252368f2%22:%91%22text_text_color%22%93,%22gcid-1dbed5ee-fd0d-41b5-ab92-37828a39a8c9%22:%91%22header_2_text_color%22%93}&#8220;]<\/p>\n<h2>Unsere sozialen Netzwerke<\/h2>\n<p>Folgen Sie uns, um immer auf dem neuesten Stand zu sein.<\/p>\n<p>[\/et_pb_text][et_pb_social_media_follow use_icon_font_size=&#8220;on&#8220; icon_font_size=&#8220;22px&#8220; _builder_version=&#8220;4.17.4&#8243; _module_preset=&#8220;default&#8220; custom_margin=&#8220;||||false|false&#8220; global_colors_info=&#8220;{}&#8220;][et_pb_social_media_follow_network social_network=&#8220;facebook&#8220; url=&#8220;https:\/\/www.facebook.com\/horizon2030EMSGruyere&#8220; _builder_version=&#8220;4.17.4&#8243; _module_preset=&#8220;default&#8220; background_color=&#8220;gcid-1dbed5ee-fd0d-41b5-ab92-37828a39a8c9&#8243; background_enable_color=&#8220;on&#8220; custom_padding=&#8220;||||false|false&#8220; border_radii=&#8220;on|5px|5px|5px|5px&#8220; global_colors_info=&#8220;{%22gcid-1dbed5ee-fd0d-41b5-ab92-37828a39a8c9%22:%91%22background_color%22%93}&#8220; follow_button=&#8220;off&#8220; url_new_window=&#8220;on&#8220;]facebook[\/et_pb_social_media_follow_network][et_pb_social_media_follow_network social_network=&#8220;instagram&#8220; url=&#8220;https:\/\/www.instagram.com\/horizon2030_gruyere\/&#8220; _builder_version=&#8220;4.17.4&#8243; _module_preset=&#8220;default&#8220; background_color=&#8220;gcid-1dbed5ee-fd0d-41b5-ab92-37828a39a8c9&#8243; background_enable_color=&#8220;on&#8220; border_radii=&#8220;on|5px|5px|5px|5px&#8220; global_colors_info=&#8220;{%22gcid-1dbed5ee-fd0d-41b5-ab92-37828a39a8c9%22:%91%22background_color%22%93,%22gcid-c7ad3012-463b-4cac-812b-d0684a70107c%22:%91%22background_color%22%93}&#8220; follow_button=&#8220;off&#8220; url_new_window=&#8220;on&#8220;]instagram[\/et_pb_social_media_follow_network][et_pb_social_media_follow_network social_network=&#8220;linkedin&#8220; url=&#8220;https:\/\/www.linkedin.com\/company\/horizon-2030-ems-gruy\u00e8re&#8220; _builder_version=&#8220;4.17.4&#8243; _module_preset=&#8220;default&#8220; background_color=&#8220;gcid-1dbed5ee-fd0d-41b5-ab92-37828a39a8c9&#8243; background_enable_color=&#8220;on&#8220; border_radii=&#8220;on|5px|5px|5px|5px&#8220; global_colors_info=&#8220;{%22gcid-1dbed5ee-fd0d-41b5-ab92-37828a39a8c9%22:%91%22background_color%22%93,%22gcid-c7ad3012-463b-4cac-812b-d0684a70107c%22:%91%22background_color%22%93}&#8220; follow_button=&#8220;off&#8220; url_new_window=&#8220;on&#8220;]linkedin[\/et_pb_social_media_follow_network][\/et_pb_social_media_follow][\/et_pb_column][\/et_pb_row][\/et_pb_section]<\/p>\n","protected":false},"excerpt":{"rendered":"<p>SupportEntscheiden wir heute\u00a0wie wir auf die Alterung der Bev\u00f6lkerung reagieren Es ist mir ein Anliegen, auf die Bedeutung der Volksabstimmungen vom 25. September hinzuweisen: Es geht darum, die demografische Entwicklung zu ber\u00fccksichtigen, die unsere Region in den n\u00e4chsten Jahren und Jahrzehnten erleben wird. Gem\u00e4ss den Prognosen des Schweizerischen Gesundheitsobservatoriums (Obsan) soll sich die Bev\u00f6lkerungsschicht der [&hellip;]<\/p>\n","protected":false},"author":2,"featured_media":0,"parent":0,"menu_order":0,"comment_status":"closed","ping_status":"closed","template":"","meta":{"_et_pb_use_builder":"on","_et_pb_old_content":"","_et_gb_content_width":"","inline_featured_image":false,"footnotes":""},"class_list":["post-1993","page","type-page","status-publish","hentry"],"jetpack_sharing_enabled":true,"_links":{"self":[{"href":"https:\/\/horizon2030.ch\/de\/wp-json\/wp\/v2\/pages\/1993","targetHints":{"allow":["GET"]}}],"collection":[{"href":"https:\/\/horizon2030.ch\/de\/wp-json\/wp\/v2\/pages"}],"about":[{"href":"https:\/\/horizon2030.ch\/de\/wp-json\/wp\/v2\/types\/page"}],"author":[{"embeddable":true,"href":"https:\/\/horizon2030.ch\/de\/wp-json\/wp\/v2\/users\/2"}],"replies":[{"embeddable":true,"href":"https:\/\/horizon2030.ch\/de\/wp-json\/wp\/v2\/comments?post=1993"}],"version-history":[{"count":9,"href":"https:\/\/horizon2030.ch\/de\/wp-json\/wp\/v2\/pages\/1993\/revisions"}],"predecessor-version":[{"id":2098,"href":"https:\/\/horizon2030.ch\/de\/wp-json\/wp\/v2\/pages\/1993\/revisions\/2098"}],"wp:attachment":[{"href":"https:\/\/horizon2030.ch\/de\/wp-json\/wp\/v2\/media?parent=1993"}],"curies":[{"name":"wp","href":"https:\/\/api.w.org\/{rel}","templated":true}]}}